{"id":5235,"date":"2020-11-10T12:42:06","date_gmt":"2020-11-10T11:42:06","guid":{"rendered":"https:\/\/mygateautomation.com\/prodotto\/mg05\/"},"modified":"2025-07-16T10:37:49","modified_gmt":"2025-07-16T08:37:49","slug":"mg05","status":"publish","type":"product","link":"https:\/\/mygateautomation.com\/fr\/produit\/mg05\/","title":{"rendered":"MG05"},"content":{"rendered":"<div class=\"wpb-content-wrapper\"><p>[vc_row][vc_column][vc_column_text]<br \/>\nD\u00e9tecteur magn\u00e9tique pour masses m\u00e9talliques \u00e0 boucle inductive.<br \/>\n2 canaux.<br \/>\n1 relais continu + 1 relais \u00e0 impulsions.<br \/>\nSensibilit\u00e9 d\u2019intervention r\u00e9glable sur 4 niveaux.<br \/>\nLongueur max. du c\u00e2ble en boucle 250 m.<br \/>\nAlimentation \u00e9lectrique 24Vac\/dc.[\/vc_column_text][\/vc_column][\/vc_row]<\/p>\n<\/div>","protected":false},"excerpt":{"rendered":"<p>D\u00e9tecteur magn\u00e9tique pour masses m\u00e9talliques \u00e0 boucle inductive.<\/p>\n","protected":false},"featured_media":5233,"template":"","meta":{"_acf_changed":false},"product_brand":[],"product_cat":[96,99],"product_tag":[],"class_list":{"0":"post-5235","1":"product","2":"type-product","3":"status-publish","4":"has-post-thumbnail","6":"product_cat-accessoires","7":"product_cat-systemes-de-commande","9":"first","10":"instock","11":"shipping-taxable","12":"product-type-simple"},"acf":[],"aioseo_notices":[],"_links":{"self":[{"href":"https:\/\/mygateautomation.com\/fr\/wp-json\/wp\/v2\/product\/5235","targetHints":{"allow":["GET"]}}],"collection":[{"href":"https:\/\/mygateautomation.com\/fr\/wp-json\/wp\/v2\/product"}],"about":[{"href":"https:\/\/mygateautomation.com\/fr\/wp-json\/wp\/v2\/types\/product"}],"wp:featuredmedia":[{"embeddable":true,"href":"https:\/\/mygateautomation.com\/fr\/wp-json\/wp\/v2\/media\/5233"}],"wp:attachment":[{"href":"https:\/\/mygateautomation.com\/fr\/wp-json\/wp\/v2\/media?parent=5235"}],"wp:term":[{"taxonomy":"product_brand","embeddable":true,"href":"https:\/\/mygateautomation.com\/fr\/wp-json\/wp\/v2\/product_brand?post=5235"},{"taxonomy":"product_cat","embeddable":true,"href":"https:\/\/mygateautomation.com\/fr\/wp-json\/wp\/v2\/product_cat?post=5235"},{"taxonomy":"product_tag","embeddable":true,"href":"https:\/\/mygateautomation.com\/fr\/wp-json\/wp\/v2\/product_tag?post=5235"}],"curies":[{"name":"wp","href":"https:\/\/api.w.org\/{rel}","templated":true}]}}