{"id":5168,"date":"2020-11-10T11:33:21","date_gmt":"2020-11-10T10:33:21","guid":{"rendered":"https:\/\/mygateautomation.com\/prodotto\/q20s\/"},"modified":"2025-07-16T08:53:17","modified_gmt":"2025-07-16T06:53:17","slug":"q20s","status":"publish","type":"product","link":"https:\/\/mygateautomation.com\/fr\/produit\/q20s\/","title":{"rendered":"Q20S"},"content":{"rendered":"<div class=\"wpb-content-wrapper\"><p>[vc_row][vc_column][vc_column_text]<\/p>\n<p>UNIT\u00c9 DE COMMANDE 24V POUR PORTAILS COULISSANTS<\/p>\n<p>CARACT\u00c9RISTIQUES PRINCIPALES<br \/>\nAffichage LED int\u00e9gr\u00e9 pour la programmation et le diagnostic des d\u00e9fauts.<br \/>\nFonction anti-\u00e9crasement (EN 12453) avec sensibilit\u00e9 r\u00e9glable aux obstacles.<br \/>\nProgrammation simplifi\u00e9e avec auto-apprentissage des param\u00e8tres de fonctionnement.<br \/>\nProgrammation avanc\u00e9e avec ajustement s\u00e9quentiel des diff\u00e9rents param\u00e8tres.<br \/>\nAjustement \u00e9lectronique des temps de travail et de ralentissement.<br \/>\nOuverture partielle pour les pi\u00e9tons.<br \/>\nFonction de copropri\u00e9t\u00e9 avec priorit\u00e9 d\u2019ouverture.<br \/>\nLogique de fonctionnement avec fermeture automatique, semi-automatique et progressive.<br \/>\nFonction de fermeture rapide \u201cfermer maintenant.<br \/>\nFonction de test du moteur et de la photocellule.<br \/>\nMan\u0153uvres de comptage.<br \/>\nFonction d\u2019alerte de maintenance programm\u00e9e.<br \/>\nFonction des boutons s\u00e9par\u00e9s.<br \/>\nHomme pr\u00e9sent fonction de commandement.<br \/>\nPossibilit\u00e9 de connexion \u00e0 une minuterie.<br \/>\nChargeur int\u00e9gr\u00e9.<br \/>\nModule auxiliaire optionnel configurable comme 2\u00e8me canal radio, fonction d\u2019indicateur d\u2019\u00e9tat de la porte, lumi\u00e8re de courtoisie<br \/>\nBornes amovibles.<br \/>\nEntr\u00e9e pour le bord de d\u00e9tection r\u00e9sistif 8K2.<br \/>\nR\u00e9cepteur radio enfichable 433.92 MHz.<\/p>\n<p>MRX02<br \/>\nModule 2\u00e8me canal radio, lumi\u00e8re de courtoisie, signalisation \u00e9tat du portail.<\/p>\n<p>QBAT1.2<br \/>\nBatterie 12V 1.2Ah.<\/p>\n<p>&nbsp;<\/p>\n<table class=\"scheda-prodotto\">\n<thead>\n<tr>\n<th>Caract\u00e9ristique<\/th>\n<th>Valeur<\/th>\n<\/tr>\n<\/thead>\n<tbody>\n<tr>\n<td>Code produit<\/td>\n<td>PQ20S1<\/td>\n<\/tr>\n<tr>\n<td>Dimensions de la carte<\/td>\n<td>137 x 84 x 37 mm<\/td>\n<\/tr>\n<tr>\n<td>Poids de la carte<\/td>\n<td>160 g<\/td>\n<\/tr>\n<tr>\n<td>Poids de la carte + Transformateur<\/td>\n<td>1200 g<\/td>\n<\/tr>\n<tr>\n<td>Alimentation<\/td>\n<td>230V ac ~ 50-60 Hz -10% +20%<\/td>\n<\/tr>\n<tr>\n<td>Tension d&rsquo;alimentation de la carte<\/td>\n<td>20V ac<\/td>\n<\/tr>\n<tr>\n<td>Transformateur<\/td>\n<td>230\/20V &#8211; 130 VA<\/td>\n<\/tr>\n<tr>\n<td>Fusible alimentation secteur<\/td>\n<td>2 A<\/td>\n<\/tr>\n<tr>\n<td>Fusible Batterie<\/td>\n<td>10 A<\/td>\n<\/tr>\n<tr>\n<td>Puissance nominale<\/td>\n<td>250 W<\/td>\n<\/tr>\n<tr>\n<td>Consommation maximale<\/td>\n<td>10 A<\/td>\n<\/tr>\n<tr>\n<td>Consommation en veille<\/td>\n<td>40 mA<\/td>\n<\/tr>\n<tr>\n<td>Alimentation clignotant<\/td>\n<td>24V dc, max 20 W<\/td>\n<\/tr>\n<tr>\n<td>Alimentation accessoires<\/td>\n<td>24V dc, max 5 W<\/td>\n<\/tr>\n<tr>\n<td>Temp\u00e9rature de fonctionnement<\/td>\n<td>-20 +60 \u00b0C<\/td>\n<\/tr>\n<tr>\n<td>Degr\u00e9 de protection (avec armoire)<\/td>\n<td>IP55<\/td>\n<\/tr>\n<\/tbody>\n<\/table>\n<p>[\/vc_column_text][\/vc_column][\/vc_row]<\/p>\n<\/div>","protected":false},"excerpt":{"rendered":"<p>UNIT\u00c9 DE COMMANDE 24V POUR PORTAILS COULISSANTS<\/p>\n","protected":false},"featured_media":5156,"template":"","meta":{"_acf_changed":false},"product_brand":[],"product_cat":[129],"product_tag":[],"class_list":{"0":"post-5168","1":"product","2":"type-product","3":"status-publish","4":"has-post-thumbnail","6":"product_cat-centrali-fr","8":"first","9":"instock","10":"shipping-taxable","11":"product-type-simple"},"acf":[],"aioseo_notices":[],"_links":{"self":[{"href":"https:\/\/mygateautomation.com\/fr\/wp-json\/wp\/v2\/product\/5168","targetHints":{"allow":["GET"]}}],"collection":[{"href":"https:\/\/mygateautomation.com\/fr\/wp-json\/wp\/v2\/product"}],"about":[{"href":"https:\/\/mygateautomation.com\/fr\/wp-json\/wp\/v2\/types\/product"}],"wp:featuredmedia":[{"embeddable":true,"href":"https:\/\/mygateautomation.com\/fr\/wp-json\/wp\/v2\/media\/5156"}],"wp:attachment":[{"href":"https:\/\/mygateautomation.com\/fr\/wp-json\/wp\/v2\/media?parent=5168"}],"wp:term":[{"taxonomy":"product_brand","embeddable":true,"href":"https:\/\/mygateautomation.com\/fr\/wp-json\/wp\/v2\/product_brand?post=5168"},{"taxonomy":"product_cat","embeddable":true,"href":"https:\/\/mygateautomation.com\/fr\/wp-json\/wp\/v2\/product_cat?post=5168"},{"taxonomy":"product_tag","embeddable":true,"href":"https:\/\/mygateautomation.com\/fr\/wp-json\/wp\/v2\/product_tag?post=5168"}],"curies":[{"name":"wp","href":"https:\/\/api.w.org\/{rel}","templated":true}]}}