{"id":5151,"date":"2020-11-10T11:34:28","date_gmt":"2020-11-10T10:34:28","guid":{"rendered":"https:\/\/mygateautomation.com\/prodotto\/q46\/"},"modified":"2025-07-16T08:37:13","modified_gmt":"2025-07-16T06:37:13","slug":"q46","status":"publish","type":"product","link":"https:\/\/mygateautomation.com\/fr\/produit\/q46\/","title":{"rendered":"Q46"},"content":{"rendered":"<div class=\"wpb-content-wrapper\"><p>[vc_row][vc_column][vc_column_text]<\/p>\n<p>CENTRALE DE COMMANDE 230V POUR VOLET ROULANT<\/p>\n<p>CARACT\u00c9RISTIQUES PRINCIPALES<br \/>\nAffichage de programmation et d\u00e9pannage<br \/>\nBorniers de c\u00e2blage NC e NO configurables sur la base des accessoires branch\u00e9s au syst\u00e8me<br \/>\nCommande de top activable par t\u00e9l\u00e9commande<br \/>\nGestion \u00e9clairage de courtoisie avec r\u00e9glage des temps de fonctionnement et option d\u2019activation par t\u00e9l\u00e9commande<br \/>\nEntr\u00e9e pour photocellules de protection fermeture param\u00e9trable pour la gestion de barres palpeuses avec technologie 8K2\u03a9<br \/>\nCommande \u00e0 maintien d\u2019appui possible aussi avec t\u00e9l\u00e9commande<br \/>\nSortie de connexion au clignotant\/\u00e9clairage de courtoisie 24V ou 230V<br \/>\nEntr\u00e9es de s\u00e9curit\u00e9 NC d\u00e9sactivables par param\u00e8tre, sans pontages chevaliers requis<br \/>\nR\u00e9cepteur radio int\u00e9gr\u00e9 avec m\u00e9morisation jusqu\u2019\u00e0 100 codes utilisateur diff\u00e9rents et possibilit\u00e9 d\u2019effacement single du code radio<\/p>\n<p>&nbsp;<\/p>\n<table class=\"scheda-prodotto\">\n<thead>\n<tr>\n<th>CARACT\u00c9RISTIQUES TECHNIQUES<\/th>\n<th>Q46<\/th>\n<\/tr>\n<\/thead>\n<tbody>\n<tr>\n<td>Code produit<\/td>\n<td>Q46<\/td>\n<\/tr>\n<tr>\n<td>Dimensions carte<\/td>\n<td>136x78x35 mm<\/td>\n<\/tr>\n<tr>\n<td>Dimensions bo\u00eetier<\/td>\n<td>218x157x68 mm<\/td>\n<\/tr>\n<tr>\n<td>Tension d\u2019alimentation<\/td>\n<td>230V 50Hz<\/td>\n<\/tr>\n<tr>\n<td>Tol\u00e9rance tension alimentation<\/td>\n<td>\u00b1 15%<\/td>\n<\/tr>\n<tr>\n<td>R\u00e9cepteur radio<\/td>\n<td>Int\u00e9gr\u00e9, 433 MHz<\/td>\n<\/tr>\n<tr>\n<td>Consommation maximale<\/td>\n<td>5 A<\/td>\n<\/tr>\n<tr>\n<td>Consommation en veille<\/td>\n<td>20 mA<\/td>\n<\/tr>\n<tr>\n<td>Puissance nominale<\/td>\n<td>1200 W<\/td>\n<\/tr>\n<tr>\n<td>Fusible principal 230V<\/td>\n<td>5 A @ 230V<\/td>\n<\/tr>\n<tr>\n<td>Fusible r\u00e9armable 24V<\/td>\n<td>0,50 A<\/td>\n<\/tr>\n<tr>\n<td>Alimentation clignotant<\/td>\n<td>24 Vac, 5W<\/td>\n<\/tr>\n<tr>\n<td>Alimentation accessoires<\/td>\n<td>24 Vac\/Vdc, 5W<\/td>\n<\/tr>\n<tr>\n<td>Temps de travail<\/td>\n<td>R\u00e9glable entre 10 et 95 secondes<\/td>\n<\/tr>\n<tr>\n<td>Temps de pause fermeture automatique<\/td>\n<td>R\u00e9glable entre 5 et 95 secondes<\/td>\n<\/tr>\n<tr>\n<td>Temp\u00e9rature de fonctionnement<\/td>\n<td>-20 \u00f7 +60 \u00b0C<\/td>\n<\/tr>\n<tr>\n<td>Protection IP<\/td>\n<td>IP55<\/td>\n<\/tr>\n<\/tbody>\n<\/table>\n<p>[\/vc_column_text][\/vc_column][\/vc_row]<\/p>\n<\/div>","protected":false},"excerpt":{"rendered":"<p> CENTRALE DE COMMANDE 230V POUR VOLET ROULANT<\/p>\n","protected":false},"featured_media":5131,"template":"","meta":{"_acf_changed":false},"product_brand":[],"product_cat":[129],"product_tag":[],"class_list":{"0":"post-5151","1":"product","2":"type-product","3":"status-publish","4":"has-post-thumbnail","6":"product_cat-centrali-fr","8":"first","9":"instock","10":"shipping-taxable","11":"product-type-simple"},"acf":[],"aioseo_notices":[],"_links":{"self":[{"href":"https:\/\/mygateautomation.com\/fr\/wp-json\/wp\/v2\/product\/5151","targetHints":{"allow":["GET"]}}],"collection":[{"href":"https:\/\/mygateautomation.com\/fr\/wp-json\/wp\/v2\/product"}],"about":[{"href":"https:\/\/mygateautomation.com\/fr\/wp-json\/wp\/v2\/types\/product"}],"wp:featuredmedia":[{"embeddable":true,"href":"https:\/\/mygateautomation.com\/fr\/wp-json\/wp\/v2\/media\/5131"}],"wp:attachment":[{"href":"https:\/\/mygateautomation.com\/fr\/wp-json\/wp\/v2\/media?parent=5151"}],"wp:term":[{"taxonomy":"product_brand","embeddable":true,"href":"https:\/\/mygateautomation.com\/fr\/wp-json\/wp\/v2\/product_brand?post=5151"},{"taxonomy":"product_cat","embeddable":true,"href":"https:\/\/mygateautomation.com\/fr\/wp-json\/wp\/v2\/product_cat?post=5151"},{"taxonomy":"product_tag","embeddable":true,"href":"https:\/\/mygateautomation.com\/fr\/wp-json\/wp\/v2\/product_tag?post=5151"}],"curies":[{"name":"wp","href":"https:\/\/api.w.org\/{rel}","templated":true}]}}