{"id":2017,"date":"2021-04-23T10:32:56","date_gmt":"2021-04-23T08:32:56","guid":{"rendered":"http:\/\/mygateautomation.com\/prodotto\/rt23\/"},"modified":"2021-11-11T16:54:16","modified_gmt":"2021-11-11T15:54:16","slug":"rt23","status":"publish","type":"product","link":"https:\/\/mygateautomation.com\/fr\/produit\/rt23\/","title":{"rendered":"RT23"},"content":{"rendered":"<div class=\"wpb-content-wrapper\"><p>[vc_row][vc_column][vc_column_text]Trappe d\u2019acc\u00e8s ext\u00e9rieure pour d\u00e9verrouillage de secours et bouton de contr\u00f4le appuie continue.[\/vc_column_text][\/vc_column][\/vc_row]<\/p>\n<\/div>","protected":false},"excerpt":{"rendered":"<p><strong>Trappe d\u2019acc\u00e8s ext\u00e9rieure pour d\u00e9verrouillage de secours<\/strong><\/p>\n","protected":false},"featured_media":1453,"template":"","meta":{"_acf_changed":false},"product_brand":[],"product_cat":[96],"product_tag":[],"class_list":{"0":"post-2017","1":"product","2":"type-product","3":"status-publish","4":"has-post-thumbnail","6":"product_cat-accessoires","8":"first","9":"instock","10":"shipping-taxable","11":"product-type-simple"},"acf":[],"aioseo_notices":[],"_links":{"self":[{"href":"https:\/\/mygateautomation.com\/fr\/wp-json\/wp\/v2\/product\/2017","targetHints":{"allow":["GET"]}}],"collection":[{"href":"https:\/\/mygateautomation.com\/fr\/wp-json\/wp\/v2\/product"}],"about":[{"href":"https:\/\/mygateautomation.com\/fr\/wp-json\/wp\/v2\/types\/product"}],"wp:featuredmedia":[{"embeddable":true,"href":"https:\/\/mygateautomation.com\/fr\/wp-json\/wp\/v2\/media\/1453"}],"wp:attachment":[{"href":"https:\/\/mygateautomation.com\/fr\/wp-json\/wp\/v2\/media?parent=2017"}],"wp:term":[{"taxonomy":"product_brand","embeddable":true,"href":"https:\/\/mygateautomation.com\/fr\/wp-json\/wp\/v2\/product_brand?post=2017"},{"taxonomy":"product_cat","embeddable":true,"href":"https:\/\/mygateautomation.com\/fr\/wp-json\/wp\/v2\/product_cat?post=2017"},{"taxonomy":"product_tag","embeddable":true,"href":"https:\/\/mygateautomation.com\/fr\/wp-json\/wp\/v2\/product_tag?post=2017"}],"curies":[{"name":"wp","href":"https:\/\/api.w.org\/{rel}","templated":true}]}}