{"id":1980,"date":"2020-11-10T10:08:35","date_gmt":"2020-11-10T09:08:35","guid":{"rendered":"http:\/\/mygateautomation.com\/prodotto\/mystrike\/"},"modified":"2025-07-15T09:14:12","modified_gmt":"2025-07-15T07:14:12","slug":"mystrike","status":"publish","type":"product","link":"https:\/\/mygateautomation.com\/fr\/produit\/mystrike\/","title":{"rendered":"MYSTRIKE"},"content":{"rendered":"<div class=\"wpb-content-wrapper\"><p>[vc_row][vc_column]\n\t\t<!--New Tabs-->\n\t\t<div class=\"newtabs clearfix horizontal  minimal_style\">\n\t\t\t<ul class=\"resp-tabs-list\">\n\t\t\t<\/ul>\n\t\t\t<div class=\"resp-tabs-container\">\n\t\t<div class=\"single_tab_div\" rel-title=\"myStrike 5\" rel-icon=\"\">[vc_column_text]<\/p>\n<table class=\"scheda-prodotto\">\n<thead>\n<tr>\n<td class=\"item-td\">Alimentation<\/td>\n<td>V<\/td>\n<td>230V~50Hz<\/td>\n<\/tr>\n<tr>\n<td class=\"item-td\">Consommation<\/td>\n<td>A<\/td>\n<td>1,2-1,7A<\/td>\n<\/tr>\n<tr>\n<td class=\"item-td\">Puissance moteur<\/td>\n<td>W<\/td>\n<td>250W<\/td>\n<\/tr>\n<tr>\n<td class=\"item-td\">Condensateur<\/td>\n<td>\u03bcF<\/td>\n<td>10\u03bcF<\/td>\n<\/tr>\n<tr>\n<td class=\"item-td\">Protection th\u00e9rmique<\/td>\n<td>C\u00b0<\/td>\n<td>150\u00b0C<\/td>\n<\/tr>\n<tr>\n<td class=\"item-td\">Pouss\u00e9e<\/td>\n<td>N<\/td>\n<td>350N<\/td>\n<\/tr>\n<tr>\n<td class=\"item-td\">Classe\u00a0IP<\/td>\n<td>IP<\/td>\n<td>44<\/td>\n<\/tr>\n<tr>\n<td class=\"item-td\">Vitesse moteur<\/td>\n<td>rpm<\/td>\n<td>1400 rpm<\/td>\n<\/tr>\n<tr>\n<td class=\"item-td\">Vitesse ouverture<\/td>\n<td>m\/min<\/td>\n<td>10,5 m\/min<\/td>\n<\/tr>\n<tr>\n<td class=\"item-td\">Poids max du vantail<\/td>\n<td>Kg<\/td>\n<td>500Kg<\/td>\n<\/tr>\n<tr>\n<td class=\"item-td\">Cycle de travail<\/td>\n<td>%<\/td>\n<td>40%<\/td>\n<\/tr>\n<\/thead>\n<\/table>\n<p>[\/vc_column_text]<\/div><div class=\"single_tab_div\" rel-title=\"myStrike 6\" rel-icon=\"\">[vc_column_text]<\/p>\n<table class=\"scheda-prodotto\">\n<thead>\n<tr>\n<td class=\"item-td\">Alimentation<\/td>\n<td>V<\/td>\n<td>24Vdc<\/td>\n<\/tr>\n<tr>\n<td class=\"item-td\">Consommation<\/td>\n<td>A<\/td>\n<td>0,7-10A<\/td>\n<\/tr>\n<tr>\n<td class=\"item-td\">Puissance moteur<\/td>\n<td>W<\/td>\n<td>80W<\/td>\n<\/tr>\n<tr>\n<td class=\"item-td\">Condensateur<\/td>\n<td>\u03bcF<\/td>\n<td>&#8211;<\/td>\n<\/tr>\n<tr>\n<td class=\"item-td\">Protection th\u00e9rmique<\/td>\n<td>C\u00b0<\/td>\n<td>&#8211;<\/td>\n<\/tr>\n<tr>\n<td class=\"item-td\">Pouss\u00e9e<\/td>\n<td>N<\/td>\n<td>400N<\/td>\n<\/tr>\n<tr>\n<td class=\"item-td\">Classe\u00a0IP<\/td>\n<td>IP<\/td>\n<td>44<\/td>\n<\/tr>\n<tr>\n<td class=\"item-td\">Vitesse moteur<\/td>\n<td>rpm<\/td>\n<td>1600 rpm<\/td>\n<\/tr>\n<tr>\n<td class=\"item-td\">Vitesse ouverture<\/td>\n<td>m\/min<\/td>\n<td>6-11 m\/min<\/td>\n<\/tr>\n<tr>\n<td class=\"item-td\">Poids max du vantail<\/td>\n<td>Kg<\/td>\n<td>600Kg<\/td>\n<\/tr>\n<tr>\n<td class=\"item-td\">Cycle de travail<\/td>\n<td>%<\/td>\n<td>80%<\/td>\n<\/tr>\n<\/thead>\n<\/table>\n<p>[\/vc_column_text]<\/div><div class=\"single_tab_div\" rel-title=\"myStrike 8\" rel-icon=\"\">[vc_column_text]<\/p>\n<table class=\"scheda-prodotto\">\n<thead>\n<tr>\n<td class=\"item-td\">Alimentation<\/td>\n<td>V<\/td>\n<td>230V ~ 50Hz<\/td>\n<\/tr>\n<tr>\n<td class=\"item-td\">Consommation<\/td>\n<td>A<\/td>\n<td>1,2 \u2013 1,7A<\/td>\n<\/tr>\n<tr>\n<td class=\"item-td\">Puissance moteur<\/td>\n<td>W<\/td>\n<td>300W<\/td>\n<\/tr>\n<tr>\n<td class=\"item-td\">Condensateur<\/td>\n<td>\u03bcF<\/td>\n<td>10\u03bcF<\/td>\n<\/tr>\n<tr>\n<td class=\"item-td\">Protection th\u00e9rmique<\/td>\n<td>C\u00b0<\/td>\n<td>150\u00b0C<\/td>\n<\/tr>\n<tr>\n<td class=\"item-td\">Pouss\u00e9e<\/td>\n<td>N<\/td>\n<td>440N<\/td>\n<\/tr>\n<tr>\n<td class=\"item-td\">Classe\u00a0IP<\/td>\n<td>IP<\/td>\n<td>44<\/td>\n<\/tr>\n<tr>\n<td class=\"item-td\">Vitesse moteur<\/td>\n<td>rpm<\/td>\n<td>1400 rpm<\/td>\n<\/tr>\n<tr>\n<td class=\"item-td\">Vitesse ouverture<\/td>\n<td>m\/min<\/td>\n<td>10,5 m\/min<\/td>\n<\/tr>\n<tr>\n<td class=\"item-td\">Poids max du vantail<\/td>\n<td>Kg<\/td>\n<td>800Kg<\/td>\n<\/tr>\n<tr>\n<td class=\"item-td\">Cycle de travail<\/td>\n<td>%<\/td>\n<td>40%<\/td>\n<\/tr>\n<\/thead>\n<\/table>\n<p>[\/vc_column_text]<\/div><div class=\"single_tab_div\" rel-title=\"myStrike 5 115\" rel-icon=\"\">[vc_column_text]<\/p>\n<table class=\"scheda-prodotto\">\n<thead>\n<tr>\n<td class=\"item-td\">Alimentation<\/td>\n<td>V<\/td>\n<td>115V ~ 60Hz<\/td>\n<\/tr>\n<tr>\n<td class=\"item-td\">Consommation<\/td>\n<td>A<\/td>\n<td>2 \u2013 2,3A<\/td>\n<\/tr>\n<tr>\n<td class=\"item-td\">Puissance moteur<\/td>\n<td>W<\/td>\n<td>280W<\/td>\n<\/tr>\n<tr>\n<td class=\"item-td\">Condensateur<\/td>\n<td>\u03bcF<\/td>\n<td>30\u03bcF<\/td>\n<\/tr>\n<tr>\n<td class=\"item-td\">Protection th\u00e9rmique<\/td>\n<td>C\u00b0<\/td>\n<td>150\u00b0C<\/td>\n<\/tr>\n<tr>\n<td class=\"item-td\">Pouss\u00e9e<\/td>\n<td>N<\/td>\n<td>380N<\/td>\n<\/tr>\n<tr>\n<td class=\"item-td\">Classe\u00a0IP<\/td>\n<td>IP<\/td>\n<td>44<\/td>\n<\/tr>\n<tr>\n<td class=\"item-td\">Vitesse moteur<\/td>\n<td>rpm<\/td>\n<td>1700 rpm<\/td>\n<\/tr>\n<tr>\n<td class=\"item-td\">Vitesse ouverture<\/td>\n<td>m\/min<\/td>\n<td>12 m\/min<\/td>\n<\/tr>\n<tr>\n<td class=\"item-td\">Poids max du vantail<\/td>\n<td>Kg<\/td>\n<td>800Kg<\/td>\n<\/tr>\n<tr>\n<td class=\"item-td\">Cycle de travail<\/td>\n<td>%<\/td>\n<td>40%<\/td>\n<\/tr>\n<\/thead>\n<\/table>\n<p>[\/vc_column_text]<\/div><div class=\"single_tab_div\" rel-title=\"myStrike 8 115\" rel-icon=\"\">[vc_column_text]<\/p>\n<table class=\"scheda-prodotto\">\n<thead>\n<tr>\n<td class=\"item-td\">Alimentation<\/td>\n<td>V<\/td>\n<td>115V ~ 60Hz<\/td>\n<\/tr>\n<tr>\n<td class=\"item-td\">Consommation<\/td>\n<td>A<\/td>\n<td>2,8 \u2013 3,2A<\/td>\n<\/tr>\n<tr>\n<td class=\"item-td\">Puissance moteur<\/td>\n<td>W<\/td>\n<td>330W<\/td>\n<\/tr>\n<tr>\n<td class=\"item-td\">Condensateur<\/td>\n<td>\u03bcF<\/td>\n<td>30\u03bcF<\/td>\n<\/tr>\n<tr>\n<td class=\"item-td\">Protection th\u00e9rmique<\/td>\n<td>C\u00b0<\/td>\n<td>150\u00b0C<\/td>\n<\/tr>\n<tr>\n<td class=\"item-td\">Pouss\u00e9e<\/td>\n<td>N<\/td>\n<td>460N<\/td>\n<\/tr>\n<tr>\n<td class=\"item-td\">Classe\u00a0IP<\/td>\n<td>IP<\/td>\n<td>44<\/td>\n<\/tr>\n<tr>\n<td class=\"item-td\">Vitesse moteur<\/td>\n<td>rpm<\/td>\n<td>1700 rpm<\/td>\n<\/tr>\n<tr>\n<td class=\"item-td\">Vitesse ouverture<\/td>\n<td>m\/min<\/td>\n<td>12 m\/min<\/td>\n<\/tr>\n<tr>\n<td class=\"item-td\">Poids max du vantail<\/td>\n<td>Kg<\/td>\n<td>800Kg<\/td>\n<\/tr>\n<tr>\n<td class=\"item-td\">Cycle de travail<\/td>\n<td>%<\/td>\n<td>40%<\/td>\n<\/tr>\n<\/thead>\n<\/table>\n<p>[\/vc_column_text]<\/div><\/div>\n\t\t\t\t<\/div>[\/vc_column][\/vc_row]<\/p>\n<\/div>","protected":false},"excerpt":{"rendered":"<div class=\"descr-breve\">\n<h2>Automatisme pour portails coulissants \u00e0 cr\u00e9maill\u00e8re jusqu\u2019\u00e0 800Kg.<\/h2>\n<\/div>\n<p>Puissant, silencieux et compact.<br \/>\nId\u00e9al pour motoriser des portails coulissants r\u00e9sidentiels ou collectifs.<br \/>\nFiable gr\u00e2ce au syst\u00e8me de transmission m\u00e9canique compl\u00e8tement en acier.<br \/>\nPlaque de fixation au sol incluse, avec possibilit\u00e9 de r\u00e9galage pour adapter \u00e0 cr\u00e9maill\u00e8res d\u00e9j\u00e0 install\u00e9es<br \/>\nD\u00e9verrouillage de secours prot\u00e9g\u00e9 par cl\u00e9.<br \/>\nCarte de gestion pr\u00e9-c\u00e2bl\u00e9e dans le moteur avec d\u00e9tection obstacles, anti-\u00e9crasement, et proc\u00e9dure simplifi\u00e9e d\u2019apprentissage des forces et de temps de man\u0153uvre.<br \/>\nR\u00e9glages personnalisables du temps de ralentissement, et ouverture pi\u00e9ton inclus.<br \/>\nDisponible en version 230V et 24V pour usage intensif.<\/p>\n","protected":false},"featured_media":1126,"template":"","meta":{"_acf_changed":false},"product_brand":[],"product_cat":[92],"product_tag":[],"class_list":{"0":"post-1980","1":"product","2":"type-product","3":"status-publish","4":"has-post-thumbnail","6":"product_cat-portails-coulissants","8":"first","9":"instock","10":"shipping-taxable","11":"product-type-simple"},"acf":[],"aioseo_notices":[],"_links":{"self":[{"href":"https:\/\/mygateautomation.com\/fr\/wp-json\/wp\/v2\/product\/1980","targetHints":{"allow":["GET"]}}],"collection":[{"href":"https:\/\/mygateautomation.com\/fr\/wp-json\/wp\/v2\/product"}],"about":[{"href":"https:\/\/mygateautomation.com\/fr\/wp-json\/wp\/v2\/types\/product"}],"wp:featuredmedia":[{"embeddable":true,"href":"https:\/\/mygateautomation.com\/fr\/wp-json\/wp\/v2\/media\/1126"}],"wp:attachment":[{"href":"https:\/\/mygateautomation.com\/fr\/wp-json\/wp\/v2\/media?parent=1980"}],"wp:term":[{"taxonomy":"product_brand","embeddable":true,"href":"https:\/\/mygateautomation.com\/fr\/wp-json\/wp\/v2\/product_brand?post=1980"},{"taxonomy":"product_cat","embeddable":true,"href":"https:\/\/mygateautomation.com\/fr\/wp-json\/wp\/v2\/product_cat?post=1980"},{"taxonomy":"product_tag","embeddable":true,"href":"https:\/\/mygateautomation.com\/fr\/wp-json\/wp\/v2\/product_tag?post=1980"}],"curies":[{"name":"wp","href":"https:\/\/api.w.org\/{rel}","templated":true}]}}