{"id":1965,"date":"2020-11-03T10:38:58","date_gmt":"2020-11-03T09:38:58","guid":{"rendered":"http:\/\/mygateautomation.com\/prodotto\/myhook\/"},"modified":"2025-07-15T08:46:46","modified_gmt":"2025-07-15T06:46:46","slug":"myhook","status":"publish","type":"product","link":"https:\/\/mygateautomation.com\/fr\/produit\/myhook\/","title":{"rendered":"MYHOOK"},"content":{"rendered":"<div class=\"wpb-content-wrapper\"><p>[vc_row][vc_column]\n\t\t<!--New Tabs-->\n\t\t<div class=\"newtabs clearfix horizontal  minimal_style\">\n\t\t\t<ul class=\"resp-tabs-list\">\n\t\t\t<\/ul>\n\t\t\t<div class=\"resp-tabs-container\">\n\t\t<div class=\"single_tab_div\" rel-title=\"myHook\" rel-icon=\"\">[vc_column_text]<\/p>\n<table class=\"scheda-prodotto\">\n<thead>\n<tr>\n<td class=\"item-td\">Alimentation<\/td>\n<td>V<\/td>\n<td>230V~50Hz<\/td>\n<\/tr>\n<tr>\n<td class=\"item-td\">Consommation<\/td>\n<td>A<\/td>\n<td>1,2-1,7A<\/td>\n<\/tr>\n<tr>\n<td class=\"item-td\">Puissance moteur<\/td>\n<td>W<\/td>\n<td>300W<\/td>\n<\/tr>\n<tr>\n<td class=\"item-td\">Condensateur<\/td>\n<td>\u03bcF<\/td>\n<td>\u00a010\u03bcF<\/td>\n<\/tr>\n<tr>\n<td class=\"item-td\">Protection th\u00e9rmique<\/td>\n<td>C\u00b0<\/td>\n<td>150\u00b0C<\/td>\n<\/tr>\n<tr>\n<td class=\"item-td\">Pouss\u00e9e<\/td>\n<td>N<\/td>\n<td>280Nm<\/td>\n<\/tr>\n<tr>\n<td class=\"item-td\">Classe\u00a0IP<\/td>\n<td>IP<\/td>\n<td>44<\/td>\n<\/tr>\n<tr>\n<td class=\"item-td\">Vitesse moteur<\/td>\n<td>rpm<\/td>\n<td>1400 rpm<\/td>\n<\/tr>\n<tr>\n<td class=\"item-td\">Temp\u00e9rature de service<\/td>\n<td>C\u00b0<\/td>\n<td>-20\u00b0 &#8211; +55\u00b0<\/td>\n<\/tr>\n<tr>\n<td class=\"item-td\">Vantail maximum<\/td>\n<td>m<\/td>\n<td>2,00m<\/td>\n<\/tr>\n<tr>\n<td class=\"item-td\">Poids max du vantail<\/td>\n<td>Kg<\/td>\n<td>250Kg<\/td>\n<\/tr>\n<tr>\n<td class=\"item-td\">Angle max d\u2019ouverture<\/td>\n<td>deg<\/td>\n<td>130\u00b0<\/td>\n<\/tr>\n<tr>\n<td class=\"item-td\">Temps d\u2019ouverture 90\u00b0<\/td>\n<td>s<\/td>\n<td>18&Prime;<\/td>\n<\/tr>\n<tr>\n<td class=\"item-td\">Cycle de travail<\/td>\n<td>%<\/td>\n<td>40%<\/td>\n<\/tr>\n<\/thead>\n<\/table>\n<p>[\/vc_column_text]<\/div><div class=\"single_tab_div\" rel-title=\"myHook24\" rel-icon=\"\">[vc_column_text]<\/p>\n<table class=\"scheda-prodotto\">\n<thead>\n<tr>\n<td class=\"item-td\">Alimentation<\/td>\n<td>V<\/td>\n<td>24V dc<\/td>\n<\/tr>\n<tr>\n<td class=\"item-td\">Consommation<\/td>\n<td>A<\/td>\n<td>0,5-0,75A<\/td>\n<\/tr>\n<tr>\n<td class=\"item-td\">Puissance moteur<\/td>\n<td>W<\/td>\n<td>50W<\/td>\n<\/tr>\n<tr>\n<td class=\"item-td\">Condensateur<\/td>\n<td>\u03bcF<\/td>\n<td>&#8211;<\/td>\n<\/tr>\n<tr>\n<td class=\"item-td\">Protection th\u00e9rmique<\/td>\n<td>C\u00b0<\/td>\n<td>&#8211;<\/td>\n<\/tr>\n<tr>\n<td class=\"item-td\">Pouss\u00e9e<\/td>\n<td>N<\/td>\n<td>200Nm<\/td>\n<\/tr>\n<tr>\n<td class=\"item-td\">Classe\u00a0IP<\/td>\n<td>IP<\/td>\n<td>44<\/td>\n<\/tr>\n<tr>\n<td class=\"item-td\">Vitesse moteur<\/td>\n<td>rpm<\/td>\n<td>1600 rpm<\/td>\n<\/tr>\n<tr>\n<td class=\"item-td\">Temp\u00e9rature de service<\/td>\n<td>C\u00b0<\/td>\n<td>-20\u00b0 &#8211; +55\u00b0<\/td>\n<\/tr>\n<tr>\n<td class=\"item-td\">Vantail maximum<\/td>\n<td>m<\/td>\n<td>2,00m<\/td>\n<\/tr>\n<tr>\n<td class=\"item-td\">Poids max du vantail<\/td>\n<td>Kg<\/td>\n<td>200Kg<\/td>\n<\/tr>\n<tr>\n<td class=\"item-td\">Angle max d\u2019ouverture<\/td>\n<td>deg<\/td>\n<td>130\u00b0<\/td>\n<\/tr>\n<tr>\n<td class=\"item-td\">Temps d\u2019ouverture 90\u00b0<\/td>\n<td>s<\/td>\n<td>14&Prime;<\/td>\n<\/tr>\n<tr>\n<td class=\"item-td\">Cycle de travail<\/td>\n<td>%<\/td>\n<td>80%<\/td>\n<\/tr>\n<\/thead>\n<\/table>\n<p>[\/vc_column_text]<\/div><\/div>\n\t\t\t\t<\/div>[\/vc_column][\/vc_row]<\/p>\n<\/div>","protected":false},"excerpt":{"rendered":"<div class=\"descr-breve\">\n<h2>Automatisme \u00e0 bras articul\u00e9 pour portails battants jusqu\u2019\u00e0 2 m par vantail.<\/h2>\n<\/div>\n<p>Ce syst\u00e8me convient particuli\u00e8rement pour la motorisation de portails plus fragiles ou pour des grands piliers.<br \/>\nFins de courses \u00e9lectriques int\u00e9gr\u00e9s et d\u00e9verrouillage de secours accessible sur la face int\u00e9rieure du moteur en cas de coupure de courant.<br \/>\nRobustes pattes de fixations sur piliers en acier qui ne n\u00e9cessitent aucune soudure<br \/>\nPermet un angle d\u2019ouverture jusqu\u2019\u00e0 130\u00b0<br \/>\nCarte de gestion pr\u00e9-c\u00e2bl\u00e9e \u00e0 bord moteur avec d\u00e9tection obstacles anti-\u00e9crasement et proc\u00e9dure simplifi\u00e9e d\u2019apprentissage des forces et de temps de man\u0153uvre.<br \/>\nR\u00e9glages personnalisables des d\u00e9calages vantaux, ralentissement et ouverture pi\u00e9ton inclus.<br \/>\nDisponible en version 230V et 24V.<\/p>\n","protected":false},"featured_media":1116,"template":"","meta":{"_acf_changed":false},"product_brand":[],"product_cat":[67],"product_tag":[],"class_list":{"0":"post-1965","1":"product","2":"type-product","3":"status-publish","4":"has-post-thumbnail","6":"product_cat-portails-battants","8":"first","9":"instock","10":"shipping-taxable","11":"product-type-simple"},"acf":[],"aioseo_notices":[],"_links":{"self":[{"href":"https:\/\/mygateautomation.com\/fr\/wp-json\/wp\/v2\/product\/1965","targetHints":{"allow":["GET"]}}],"collection":[{"href":"https:\/\/mygateautomation.com\/fr\/wp-json\/wp\/v2\/product"}],"about":[{"href":"https:\/\/mygateautomation.com\/fr\/wp-json\/wp\/v2\/types\/product"}],"wp:featuredmedia":[{"embeddable":true,"href":"https:\/\/mygateautomation.com\/fr\/wp-json\/wp\/v2\/media\/1116"}],"wp:attachment":[{"href":"https:\/\/mygateautomation.com\/fr\/wp-json\/wp\/v2\/media?parent=1965"}],"wp:term":[{"taxonomy":"product_brand","embeddable":true,"href":"https:\/\/mygateautomation.com\/fr\/wp-json\/wp\/v2\/product_brand?post=1965"},{"taxonomy":"product_cat","embeddable":true,"href":"https:\/\/mygateautomation.com\/fr\/wp-json\/wp\/v2\/product_cat?post=1965"},{"taxonomy":"product_tag","embeddable":true,"href":"https:\/\/mygateautomation.com\/fr\/wp-json\/wp\/v2\/product_tag?post=1965"}],"curies":[{"name":"wp","href":"https:\/\/api.w.org\/{rel}","templated":true}]}}