{"id":1933,"date":"2018-11-19T17:00:55","date_gmt":"2018-11-19T16:00:55","guid":{"rendered":"http:\/\/mygateautomation.com\/contatti\/"},"modified":"2021-05-25T16:34:57","modified_gmt":"2021-05-25T14:34:57","slug":"contacts","status":"publish","type":"page","link":"https:\/\/mygateautomation.com\/fr\/contacts\/","title":{"rendered":"Contacts"},"content":{"rendered":"<div class=\"wpb-content-wrapper\"><p>[vc_row full_width=\u00a0\u00bbstretch_row_content_no_spaces\u00a0\u00bb equal_height=\u00a0\u00bbyes\u00a0\u00bb css=\u00a0\u00bb.vc_custom_1605016826665{margin-bottom: 0px !important;}\u00a0\u00bb][vc_column width=\u00a0\u00bb1\/2&Prime; css=\u00a0\u00bb.vc_custom_1542709208706{padding-top: 80px !important;padding-right: 60px !important;padding-bottom: 80px !important;padding-left: 60px !important;background-color: #f9f9f9 !important;}\u00a0\u00bb][vc_column_text css=\u00a0\u00bb.vc_custom_1621515749728{margin-bottom: 0px !important;}\u00a0\u00bb]<\/p>\n<h2 class=\"boc_heading al_left \" style=\"margin-bottom: 0px; margin-top: 0px; color: #000000;\">Contactez-nous pour un devis personnalis\u00e9<\/h2>\n<h3 class=\"boc_heading al_left \" style=\"margin-bottom: 25px; margin-top: 20px; color: #8ec549; font-size: 20;\"><em>Notre \u00e9quipe technique et commerciale est \u00e0 votre enti\u00e8re disposition<\/em><\/h3>\n<p>[\/vc_column_text]<div class=\"boc_divider_holder\"><div class=\"boc_divider  \"  style=\"margin-top: 30px;margin-bottom: 30px;width: 50px;height: 2px;background: #8ec549;\"><\/div><\/div>[vc_column_text]<\/p>\n<div class=\"col-sx\">\n<div class=\"descr\">\n<p>Nous vous invitons \u00e0 nous contacter pour obtenir des informations sur nos produits ou des conseils sur la fa\u00e7on d&rsquo;automatiser votre portail ou votre garage. Un personnel technique sp\u00e9cialis\u00e9 est \u00e0 votre disposition pour des conseils ou une assistance t\u00e9l\u00e9phonique avant, pendant et apr\u00e8s l&rsquo;installation.<\/p><\/div>\n<\/div>\n<p>[\/vc_column_text][vc_row_inner][vc_column_inner]<div class=\"boc_list_item  \" >\n\t\t\t\t\t<span class=\"li_icon normal \" style=\"\"><i class=\"icon icon-arrow-right6\" style=\"\"><\/i><\/span>\n\t\t\t\t\t<div class=\"boc_list_item_text normal\">Tel. <a style=\"color: #444444!important;\" href=\"tel:+390173210111\">0173 210111<\/a><\/div>\n\t\t\t\t   <\/div><div class=\"boc_list_item  \" >\n\t\t\t\t\t<span class=\"li_icon normal \" style=\"\"><i class=\"icon icon-arrow-right6\" style=\"\"><\/i><\/span>\n\t\t\t\t\t<div class=\"boc_list_item_text normal\"><a style=\"color: #444444!important;\" href=\"mailto:info@mygateautomation.com\">info@mygateautomation.com<\/a><\/div>\n\t\t\t\t   <\/div><div class=\"boc_list_item  \" >\n\t\t\t\t\t<span class=\"li_icon normal \" style=\"\"><i class=\"icon icon-arrow-right6\" style=\"\"><\/i><\/span>\n\t\t\t\t\t<div class=\"boc_list_item_text normal\">Via neive 77 &#8211; 12050 Castagnito (Cn) &#8211; Italy<\/div>\n\t\t\t\t   <\/div>[\/vc_column_inner][\/vc_row_inner][\/vc_column][vc_column width=\u00a0\u00bb1\/2&Prime; css=\u00a0\u00bb.vc_custom_1542709406666{padding-top: 80px !important;padding-right: 60px !important;padding-bottom: 80px !important;padding-left: 60px !important;}\u00a0\u00bb][vc_column_text css=\u00a0\u00bb.vc_custom_1621515768449{margin-bottom: 0px !important;}\u00a0\u00bb]<\/p>\n<h2 class=\"boc_heading al_left \" style=\"margin-bottom: 20px; margin-top: 0px; color: #333333;\">Contactez-nous pour demander plus d&rsquo;informations<\/h2>\n<p>[\/vc_column_text][vc_raw_html]W2NvbnRhY3QtZm9ybS03IGlkPSIyMDU3IiB0aXRsZT0iUmljaGllZGkgYXNzaXN0ZW56YV9lc3Rlcm9fRlIiXQ==[\/vc_raw_html][\/vc_column][\/vc_row][vc_row full_width=\u00a0\u00bbstretch_row_content_no_spaces\u00a0\u00bb css=\u00a0\u00bb.vc_custom_1544099050576{margin-bottom: 0px !important;}\u00a0\u00bb][vc_column]<div id=\"map_1037\" style=\"height:400px;\" class=\"boc_google_map\"><\/div>\n\t\t<script type=\"text\/javascript\">\n\t\tjQuery(window).load(function() {\n\t\t\t\n\t\t\tvar latlng = new google.maps.LatLng(0, 0);\n\t\t\tvar myOptions = {\n\t\t\t\tzoom: 14,\n\t\t\t\tcenter: latlng,\n\t\t\t\tscrollwheel: false,\n\t\t\t\tdisableDefaultUI: true,\n\t\t\t\tpanControl: false,\n\t\t\t\tdraggable: !boc_is_mobile,\n\t\t\t\tstreetViewControl: false,\n\t\t\t\t\n\t\t\t\tmapTypeId: google.maps.MapTypeId.ROADMAP\n\t\t\t};\n\t\t\tvar map_1037 = new google.maps.Map(document.getElementById(\"map_1037\"), myOptions);\n\t\t\t\n\t\t\t\tvar geocoder_map_1037 = new google.maps.Geocoder();\n\t\t\t\tvar address = 'Via neive 77 \u2013 12050 Castagnito (Cn)';\n\t\t\t\t\n\t\t\t\tgeocoder_map_1037.geocode( { 'address': address}, function(results, status) {\n\t\t\t\t\tif (status == google.maps.GeocoderStatus.OK) {\n\t\t\t\t\t\tmap_1037.setCenter(results[0].geometry.location);\n\t\t\t\t\t\tvar image = \"https:\/\/mygateautomation.com\/wp-content\/uploads\/2020\/11\/mark.png\";\n\t\t\t\t\t\t\tvar marker = new google.maps.Marker({\n\t\t\t\t\t\t\t\tmap: map_1037, \n\t\t\t\t\t\t\t\ticon: image,\n\t\t\t\t\t\t\t\tposition: map_1037.getCenter()\n\t\t\t\t\t\t\t});\n\t\t\t\t\t\t\t\n\t\t\t\t\t\t\t\tvar contentString = 'MyGate Italia<br \/>PROTECO Srl<br \/>Via Neive 77<br \/>12050 Castagnito (CN) - Italy';\n\t\t\t\t\t\t\t\tvar infowindow = new google.maps.InfoWindow({\n\t\t\t\t\t\t\t\t\tcontent: contentString\n\t\t\t\t\t\t\t\t});\n\t\t\t\t\t\t\t\t\t\t\t\n\t\t\t\t\t\t\t\tgoogle.maps.event.addListener(marker, 'click', function() {\n\t\t\t\t\t\t\t\t  infowindow.open(map_1037,marker);\n\t\t\t\t\t\t\t\t});\n\t\t\t\t\t\t\t\t\n\t\t\t\t\t} else {\n\t\t\t\t\t\talert(\"Geocode was not successful for the following reason: \" + status);\n\t\t\t\t\t}\n\t\t\t\t});\n\t\t\t\tvar image = \"https:\/\/mygateautomation.com\/wp-content\/uploads\/2020\/11\/mark.png\";\n\t\t\t\t\tvar marker = new google.maps.Marker({\n\t\t\t\t\tmap: map_1037, \n\t\t\t\t\ticon: image,\n\t\t\t\t\tposition: map_1037.getCenter()\n\t\t\t\t});\n\t\t\t\t\n\t\t\t\t\tvar contentString = 'MyGate Italia&lt;br \/&gt;\\nPROTECO Srl&lt;br \/&gt;\\nVia Neive 77&lt;br \/&gt;\\n12050 Castagnito (CN) - Italy';\n\t\t\t\t\tvar infowindow = new google.maps.InfoWindow({\n\t\t\t\t\t\tcontent: contentString\n\t\t\t\t\t});\n\t\t\t\t\t\t\t\t\n\t\t\t\t\tgoogle.maps.event.addListener(marker, 'click', function() {\n\t\t\t\t\t  infowindow.open(map_1037,marker);\n\t\t\t\t\t});\n\t\t\t\t\t});<\/script>[\/vc_column][\/vc_row][vc_row disable_element=\u00a0\u00bbyes\u00a0\u00bb css=\u00a0\u00bb.vc_custom_1606399880892{margin-top: 30px !important;}\u00a0\u00bb][vc_column width=\u00a0\u00bb1\/4&Prime;]<h2 class=\"boc_heading  al_left  \"  style=\"margin-bottom: 20px;margin-top: 0px;color: #333;\"><span><strong>MyGate International<\/strong><\/span><\/h2><div class=\"boc_divider_holder\"><div class=\"boc_divider  \"  style=\"margin-top: 30px;margin-bottom: 30px;width: 50px;height: 2px;background: #8ec549;\"><\/div><\/div>[vc_column_text]<b>PROTECO Srl<\/b><br \/>\nVia Neive 77<br \/>\n12050 Castagnito (CN) &#8211; Italy<br \/>\nTel +39 0173 210 111<br \/>\nEmail\u00a0<a href=\"mailto:info@mygateautomation.com\">info@mygateautomation.com<\/a>[\/vc_column_text]<div id=\"map_3015\" style=\"height:400px;\" class=\"boc_google_map\"><\/div>\n\t\t<script type=\"text\/javascript\">\n\t\tjQuery(window).load(function() {\n\t\t\t\n\t\t\tvar latlng = new google.maps.LatLng(0, 0);\n\t\t\tvar myOptions = {\n\t\t\t\tzoom: 14,\n\t\t\t\tcenter: latlng,\n\t\t\t\tscrollwheel: false,\n\t\t\t\tdisableDefaultUI: true,\n\t\t\t\tpanControl: false,\n\t\t\t\tdraggable: !boc_is_mobile,\n\t\t\t\tstreetViewControl: false,\n\t\t\t\t\n\t\t\t\tmapTypeId: google.maps.MapTypeId.ROADMAP\n\t\t\t};\n\t\t\tvar map_3015 = new google.maps.Map(document.getElementById(\"map_3015\"), myOptions);\n\t\t\t\n\t\t\t\tvar geocoder_map_3015 = new google.maps.Geocoder();\n\t\t\t\tvar address = 'Via neive 77 \u2013 12050 Castagnito (Cn)';\n\t\t\t\t\n\t\t\t\tgeocoder_map_3015.geocode( { 'address': address}, function(results, status) {\n\t\t\t\t\tif (status == google.maps.GeocoderStatus.OK) {\n\t\t\t\t\t\tmap_3015.setCenter(results[0].geometry.location);\n\t\t\t\t\t\tvar image = \"https:\/\/mygateautomation.com\/wp-content\/uploads\/2020\/11\/mark.png\";\n\t\t\t\t\t\t\tvar marker = new google.maps.Marker({\n\t\t\t\t\t\t\t\tmap: map_3015, \n\t\t\t\t\t\t\t\ticon: image,\n\t\t\t\t\t\t\t\tposition: map_3015.getCenter()\n\t\t\t\t\t\t\t});\n\t\t\t\t\t\t\t\n\t\t\t\t\t\t\t\tvar contentString = 'MyGate Italia<br \/>PROTECO Srl<br \/>Via Neive 77<br \/>12050 Castagnito (CN) - Italy';\n\t\t\t\t\t\t\t\tvar infowindow = new google.maps.InfoWindow({\n\t\t\t\t\t\t\t\t\tcontent: contentString\n\t\t\t\t\t\t\t\t});\n\t\t\t\t\t\t\t\t\t\t\t\n\t\t\t\t\t\t\t\tgoogle.maps.event.addListener(marker, 'click', function() {\n\t\t\t\t\t\t\t\t  infowindow.open(map_3015,marker);\n\t\t\t\t\t\t\t\t});\n\t\t\t\t\t\t\t\t\n\t\t\t\t\t} else {\n\t\t\t\t\t\talert(\"Geocode was not successful for the following reason: \" + status);\n\t\t\t\t\t}\n\t\t\t\t});\n\t\t\t\tvar image = \"https:\/\/mygateautomation.com\/wp-content\/uploads\/2020\/11\/mark.png\";\n\t\t\t\t\tvar marker = new google.maps.Marker({\n\t\t\t\t\tmap: map_3015, \n\t\t\t\t\ticon: image,\n\t\t\t\t\tposition: map_3015.getCenter()\n\t\t\t\t});\n\t\t\t\t\n\t\t\t\t\tvar contentString = 'MyGate Italia&lt;br \/&gt;\\nPROTECO Srl&lt;br \/&gt;\\nVia Neive 77&lt;br \/&gt;\\n12050 Castagnito (CN) - Italy';\n\t\t\t\t\tvar infowindow = new google.maps.InfoWindow({\n\t\t\t\t\t\tcontent: contentString\n\t\t\t\t\t});\n\t\t\t\t\t\t\t\t\n\t\t\t\t\tgoogle.maps.event.addListener(marker, 'click', function() {\n\t\t\t\t\t  infowindow.open(map_3015,marker);\n\t\t\t\t\t});\n\t\t\t\t\t});<\/script>[\/vc_column][vc_column width=\u00a0\u00bb1\/4&Prime;]<h2 class=\"boc_heading  al_left  \"  style=\"margin-bottom: 20px;margin-top: 0px;color: #333;\"><span><strong>MyGate France<\/strong><\/span><\/h2><div class=\"boc_divider_holder\"><div class=\"boc_divider  \"  style=\"margin-top: 30px;margin-bottom: 30px;width: 50px;height: 2px;background: #8ec549;\"><\/div><\/div>[vc_column_text]<b>Proteco France Sarl<\/b><br \/>\nZAC Km Delta<br \/>\n60 Rue Etienne Lenoir &#8211; 30900 N\u00eemes<br \/>\nTel +33 0466 70 60 70<br \/>\nEmail\u00a0<a href=\"mailto:france@mygateautomation.com\">france@mygateautomation.com<\/a>[\/vc_column_text]<div id=\"map_5007\" style=\"height:400px;\" class=\"boc_google_map\"><\/div>\n\t\t<script type=\"text\/javascript\">\n\t\tjQuery(window).load(function() {\n\t\t\t\n\t\t\tvar latlng = new google.maps.LatLng(0, 0);\n\t\t\tvar myOptions = {\n\t\t\t\tzoom: 14,\n\t\t\t\tcenter: latlng,\n\t\t\t\tscrollwheel: false,\n\t\t\t\tdisableDefaultUI: true,\n\t\t\t\tpanControl: false,\n\t\t\t\tdraggable: !boc_is_mobile,\n\t\t\t\tstreetViewControl: false,\n\t\t\t\t\n\t\t\t\tmapTypeId: google.maps.MapTypeId.ROADMAP\n\t\t\t};\n\t\t\tvar map_5007 = new google.maps.Map(document.getElementById(\"map_5007\"), myOptions);\n\t\t\t\n\t\t\t\tvar geocoder_map_5007 = new google.maps.Geocoder();\n\t\t\t\tvar address = 'ZAC Km Delta 60 Rue Etienne Lenoir - 30900 N\u00eemes';\n\t\t\t\t\n\t\t\t\tgeocoder_map_5007.geocode( { 'address': address}, function(results, status) {\n\t\t\t\t\tif (status == google.maps.GeocoderStatus.OK) {\n\t\t\t\t\t\tmap_5007.setCenter(results[0].geometry.location);\n\t\t\t\t\t\tvar image = \"https:\/\/mygateautomation.com\/wp-content\/uploads\/2020\/11\/mark.png\";\n\t\t\t\t\t\t\tvar marker = new google.maps.Marker({\n\t\t\t\t\t\t\t\tmap: map_5007, \n\t\t\t\t\t\t\t\ticon: image,\n\t\t\t\t\t\t\t\tposition: map_5007.getCenter()\n\t\t\t\t\t\t\t});\n\t\t\t\t\t\t\t\n\t\t\t\t\t\t\t\tvar contentString = 'Proteco France Sarl<br \/>ZAC Km Delta<br \/>60 Rue Etienne Lenoir - 30900 N\u00eemes<br \/>Tel +33 0466 70 60 70<br \/>Email france@mygateautomation.com';\n\t\t\t\t\t\t\t\tvar infowindow = new google.maps.InfoWindow({\n\t\t\t\t\t\t\t\t\tcontent: contentString\n\t\t\t\t\t\t\t\t});\n\t\t\t\t\t\t\t\t\t\t\t\n\t\t\t\t\t\t\t\tgoogle.maps.event.addListener(marker, 'click', function() {\n\t\t\t\t\t\t\t\t  infowindow.open(map_5007,marker);\n\t\t\t\t\t\t\t\t});\n\t\t\t\t\t\t\t\t\n\t\t\t\t\t} else {\n\t\t\t\t\t\talert(\"Geocode was not successful for the following reason: \" + status);\n\t\t\t\t\t}\n\t\t\t\t});\n\t\t\t\tvar image = \"https:\/\/mygateautomation.com\/wp-content\/uploads\/2020\/11\/mark.png\";\n\t\t\t\t\tvar marker = new google.maps.Marker({\n\t\t\t\t\tmap: map_5007, \n\t\t\t\t\ticon: image,\n\t\t\t\t\tposition: map_5007.getCenter()\n\t\t\t\t});\n\t\t\t\t\n\t\t\t\t\tvar contentString = 'Proteco France Sarl&lt;br \/&gt;\\nZAC Km Delta&lt;br \/&gt;\\n60 Rue Etienne Lenoir - 30900 N\u00eemes&lt;br \/&gt;\\nTel +33 0466 70 60 70&lt;br \/&gt;\\nEmail france@mygateautomation.com';\n\t\t\t\t\tvar infowindow = new google.maps.InfoWindow({\n\t\t\t\t\t\tcontent: contentString\n\t\t\t\t\t});\n\t\t\t\t\t\t\t\t\n\t\t\t\t\tgoogle.maps.event.addListener(marker, 'click', function() {\n\t\t\t\t\t  infowindow.open(map_5007,marker);\n\t\t\t\t\t});\n\t\t\t\t\t});<\/script>[\/vc_column][vc_column width=\u00a0\u00bb1\/4&Prime;]<h2 class=\"boc_heading  al_left  \"  style=\"margin-bottom: 20px;margin-top: 0px;color: #333;\"><span><strong>MyGate Portugal<\/strong><\/span><\/h2><div class=\"boc_divider_holder\"><div class=\"boc_divider  \"  style=\"margin-top: 30px;margin-bottom: 30px;width: 50px;height: 2px;background: #8ec549;\"><\/div><\/div>[vc_column_text]<b>Sicopor Lda<\/b><br \/>\nRua Costa Gomes n\u00b03 &#8211; 4700 Braga<br \/>\nTel +351 253 625 502<br \/>\nFax +351 253 283 119<br \/>\nEmail\u00a0<a href=\"mailto:sicopor@gmail.com\">sicopor@gmail.com<\/a>[\/vc_column_text]<div id=\"map_7713\" style=\"height:400px;\" class=\"boc_google_map\"><\/div>\n\t\t<script type=\"text\/javascript\">\n\t\tjQuery(window).load(function() {\n\t\t\t\n\t\t\tvar latlng = new google.maps.LatLng(0, 0);\n\t\t\tvar myOptions = {\n\t\t\t\tzoom: 14,\n\t\t\t\tcenter: latlng,\n\t\t\t\tscrollwheel: false,\n\t\t\t\tdisableDefaultUI: true,\n\t\t\t\tpanControl: false,\n\t\t\t\tdraggable: !boc_is_mobile,\n\t\t\t\tstreetViewControl: false,\n\t\t\t\t\n\t\t\t\tmapTypeId: google.maps.MapTypeId.ROADMAP\n\t\t\t};\n\t\t\tvar map_7713 = new google.maps.Map(document.getElementById(\"map_7713\"), myOptions);\n\t\t\t\n\t\t\t\tvar geocoder_map_7713 = new google.maps.Geocoder();\n\t\t\t\tvar address = 'Rua Costa Gomes n\u00b03 - 4700 Braga';\n\t\t\t\t\n\t\t\t\tgeocoder_map_7713.geocode( { 'address': address}, function(results, status) {\n\t\t\t\t\tif (status == google.maps.GeocoderStatus.OK) {\n\t\t\t\t\t\tmap_7713.setCenter(results[0].geometry.location);\n\t\t\t\t\t\tvar image = \"https:\/\/mygateautomation.com\/wp-content\/uploads\/2020\/11\/mark.png\";\n\t\t\t\t\t\t\tvar marker = new google.maps.Marker({\n\t\t\t\t\t\t\t\tmap: map_7713, \n\t\t\t\t\t\t\t\ticon: image,\n\t\t\t\t\t\t\t\tposition: map_7713.getCenter()\n\t\t\t\t\t\t\t});\n\t\t\t\t\t\t\t\n\t\t\t\t\t\t\t\tvar contentString = 'Sicopor Lda<br \/>Rua Costa Gomes n\u00b03 - 4700 Braga<br \/>Tel +351 253 625 502<br \/>Fax +351 253 283 119<br \/>Email sicopor@gmail.com';\n\t\t\t\t\t\t\t\tvar infowindow = new google.maps.InfoWindow({\n\t\t\t\t\t\t\t\t\tcontent: contentString\n\t\t\t\t\t\t\t\t});\n\t\t\t\t\t\t\t\t\t\t\t\n\t\t\t\t\t\t\t\tgoogle.maps.event.addListener(marker, 'click', function() {\n\t\t\t\t\t\t\t\t  infowindow.open(map_7713,marker);\n\t\t\t\t\t\t\t\t});\n\t\t\t\t\t\t\t\t\n\t\t\t\t\t} else {\n\t\t\t\t\t\talert(\"Geocode was not successful for the following reason: \" + status);\n\t\t\t\t\t}\n\t\t\t\t});\n\t\t\t\tvar image = \"https:\/\/mygateautomation.com\/wp-content\/uploads\/2020\/11\/mark.png\";\n\t\t\t\t\tvar marker = new google.maps.Marker({\n\t\t\t\t\tmap: map_7713, \n\t\t\t\t\ticon: image,\n\t\t\t\t\tposition: map_7713.getCenter()\n\t\t\t\t});\n\t\t\t\t\n\t\t\t\t\tvar contentString = 'Sicopor Lda&lt;br \/&gt;\\nRua Costa Gomes n\u00b03 - 4700 Braga&lt;br \/&gt;\\nTel +351 253 625 502&lt;br \/&gt;\\nFax +351 253 283 119&lt;br \/&gt;\\nEmail sicopor@gmail.com';\n\t\t\t\t\tvar infowindow = new google.maps.InfoWindow({\n\t\t\t\t\t\tcontent: contentString\n\t\t\t\t\t});\n\t\t\t\t\t\t\t\t\n\t\t\t\t\tgoogle.maps.event.addListener(marker, 'click', function() {\n\t\t\t\t\t  infowindow.open(map_7713,marker);\n\t\t\t\t\t});\n\t\t\t\t\t});<\/script>[\/vc_column][vc_column width=\u00a0\u00bb1\/4&Prime;]<h2 class=\"boc_heading  al_left  \"  style=\"margin-bottom: 20px;margin-top: 0px;color: #333;\"><span><strong>MyGate Hungary<\/strong><\/span><\/h2><div class=\"boc_divider_holder\"><div class=\"boc_divider  \"  style=\"margin-top: 30px;margin-bottom: 30px;width: 50px;height: 2px;background: #8ec549;\"><\/div><\/div>[vc_column_text]<b>Masco Ltd<\/b><br \/>\nMadridi u., 2 &#8211; H-1045 Budapest<br \/>\nTel +361 390 41 70<br \/>\nFax +361 390 41 73<br \/>\nEmail\u00a0<a href=\"mailto:hungary@mygateautomation.com\">hungary@mygateautomation.com<\/a>[\/vc_column_text]<div id=\"map_4658\" style=\"height:400px;\" class=\"boc_google_map\"><\/div>\n\t\t<script type=\"text\/javascript\">\n\t\tjQuery(window).load(function() {\n\t\t\t\n\t\t\tvar latlng = new google.maps.LatLng(0, 0);\n\t\t\tvar myOptions = {\n\t\t\t\tzoom: 14,\n\t\t\t\tcenter: latlng,\n\t\t\t\tscrollwheel: false,\n\t\t\t\tdisableDefaultUI: true,\n\t\t\t\tpanControl: false,\n\t\t\t\tdraggable: !boc_is_mobile,\n\t\t\t\tstreetViewControl: false,\n\t\t\t\t\n\t\t\t\tmapTypeId: google.maps.MapTypeId.ROADMAP\n\t\t\t};\n\t\t\tvar map_4658 = new google.maps.Map(document.getElementById(\"map_4658\"), myOptions);\n\t\t\t\n\t\t\t\tvar geocoder_map_4658 = new google.maps.Geocoder();\n\t\t\t\tvar address = 'Madridi u., 2 - H-1045 Budapest';\n\t\t\t\t\n\t\t\t\tgeocoder_map_4658.geocode( { 'address': address}, function(results, status) {\n\t\t\t\t\tif (status == google.maps.GeocoderStatus.OK) {\n\t\t\t\t\t\tmap_4658.setCenter(results[0].geometry.location);\n\t\t\t\t\t\tvar image = \"https:\/\/mygateautomation.com\/wp-content\/uploads\/2020\/11\/mark.png\";\n\t\t\t\t\t\t\tvar marker = new google.maps.Marker({\n\t\t\t\t\t\t\t\tmap: map_4658, \n\t\t\t\t\t\t\t\ticon: image,\n\t\t\t\t\t\t\t\tposition: map_4658.getCenter()\n\t\t\t\t\t\t\t});\n\t\t\t\t\t\t\t\n\t\t\t\t\t\t\t\tvar contentString = 'Masco Ltd<br \/>Madridi u., 2 - H-1045 Budapest<br \/>Tel +361 390 41 70<br \/>Fax +361 390 41 73<br \/>Email hungary@mygateautomation.com';\n\t\t\t\t\t\t\t\tvar infowindow = new google.maps.InfoWindow({\n\t\t\t\t\t\t\t\t\tcontent: contentString\n\t\t\t\t\t\t\t\t});\n\t\t\t\t\t\t\t\t\t\t\t\n\t\t\t\t\t\t\t\tgoogle.maps.event.addListener(marker, 'click', function() {\n\t\t\t\t\t\t\t\t  infowindow.open(map_4658,marker);\n\t\t\t\t\t\t\t\t});\n\t\t\t\t\t\t\t\t\n\t\t\t\t\t} else {\n\t\t\t\t\t\talert(\"Geocode was not successful for the following reason: \" + status);\n\t\t\t\t\t}\n\t\t\t\t});\n\t\t\t\tvar image = \"https:\/\/mygateautomation.com\/wp-content\/uploads\/2020\/11\/mark.png\";\n\t\t\t\t\tvar marker = new google.maps.Marker({\n\t\t\t\t\tmap: map_4658, \n\t\t\t\t\ticon: image,\n\t\t\t\t\tposition: map_4658.getCenter()\n\t\t\t\t});\n\t\t\t\t\n\t\t\t\t\tvar contentString = 'Masco Ltd&lt;br \/&gt;\\nMadridi u., 2 - H-1045 Budapest&lt;br \/&gt;\\nTel +361 390 41 70&lt;br \/&gt;\\nFax +361 390 41 73&lt;br \/&gt;\\nEmail hungary@mygateautomation.com';\n\t\t\t\t\tvar infowindow = new google.maps.InfoWindow({\n\t\t\t\t\t\tcontent: contentString\n\t\t\t\t\t});\n\t\t\t\t\t\t\t\t\n\t\t\t\t\tgoogle.maps.event.addListener(marker, 'click', function() {\n\t\t\t\t\t  infowindow.open(map_4658,marker);\n\t\t\t\t\t});\n\t\t\t\t\t});<\/script>[\/vc_column][\/vc_row]<\/p>\n<\/div>","protected":false},"excerpt":{"rendered":"<p>[vc_row full_width=\u00a0\u00bbstretch_row_content_no_spaces\u00a0\u00bb equal_height=\u00a0\u00bbyes\u00a0\u00bb css=\u00a0\u00bb.vc_custom_1605016826665{margin-bottom: 0px !important;}\u00a0\u00bb][vc_column width=\u00a0\u00bb1\/2&Prime; css=\u00a0\u00bb.vc_custom_1542709208706{padding-top: 80px !important;padding-right: 60px !important;padding-bottom: 80px !important;padding-left: 60px !important;background-color: #f9f9f9 !important;}\u00a0\u00bb][vc_column_text css=\u00a0\u00bb.vc_custom_1621515749728{margin-bottom: 0px !important;}\u00a0\u00bb] Contactez-nous pour un devis personnalis\u00e9 Notre \u00e9quipe technique et commerciale est \u00e0 votre enti\u00e8re disposition [\/vc_column_text][vc_column_text] Nous vous invitons \u00e0 nous contacter pour obtenir des informations sur nos produits ou des conseils sur la fa\u00e7on d&rsquo;automatiser votre portail ou<\/p>\n<div class=\"h10\"><\/div>\n<p><a class=\"more-link2 flat\" href=\"https:\/\/mygateautomation.com\/fr\/contacts\/\">Lire la suite<\/a><\/p>\n","protected":false},"author":5,"featured_media":0,"parent":0,"menu_order":6,"comment_status":"closed","ping_status":"closed","template":"","meta":{"_acf_changed":false,"footnotes":""},"class_list":["post-1933","page","type-page","status-publish","hentry"],"acf":[],"aioseo_notices":[],"_links":{"self":[{"href":"https:\/\/mygateautomation.com\/fr\/wp-json\/wp\/v2\/pages\/1933","targetHints":{"allow":["GET"]}}],"collection":[{"href":"https:\/\/mygateautomation.com\/fr\/wp-json\/wp\/v2\/pages"}],"about":[{"href":"https:\/\/mygateautomation.com\/fr\/wp-json\/wp\/v2\/types\/page"}],"author":[{"embeddable":true,"href":"https:\/\/mygateautomation.com\/fr\/wp-json\/wp\/v2\/users\/5"}],"replies":[{"embeddable":true,"href":"https:\/\/mygateautomation.com\/fr\/wp-json\/wp\/v2\/comments?post=1933"}],"version-history":[{"count":5,"href":"https:\/\/mygateautomation.com\/fr\/wp-json\/wp\/v2\/pages\/1933\/revisions"}],"predecessor-version":[{"id":2106,"href":"https:\/\/mygateautomation.com\/fr\/wp-json\/wp\/v2\/pages\/1933\/revisions\/2106"}],"wp:attachment":[{"href":"https:\/\/mygateautomation.com\/fr\/wp-json\/wp\/v2\/media?parent=1933"}],"curies":[{"name":"wp","href":"https:\/\/api.w.org\/{rel}","templated":true}]}}