{"id":1520,"date":"2021-05-19T17:41:37","date_gmt":"2021-05-19T15:41:37","guid":{"rendered":"http:\/\/mygateautomation.com\/mission\/"},"modified":"2021-05-19T17:42:47","modified_gmt":"2021-05-19T15:42:47","slug":"mission","status":"publish","type":"page","link":"https:\/\/mygateautomation.com\/fr\/mission\/","title":{"rendered":"Mission"},"content":{"rendered":"<div class=\"wpb-content-wrapper\"><p>[vc_row full_width=\u00a0\u00bbstretch_row_content\u00a0\u00bb equal_height=\u00a0\u00bbyes\u00a0\u00bb css=\u00a0\u00bb.vc_custom_1605016005815{margin-bottom: 35px !important;}\u00a0\u00bb][vc_column width=\u00a0\u00bb1\/2&Prime; css=\u00a0\u00bb.vc_custom_1605015856435{padding-top: 80px !important;padding-right: 60px !important;padding-bottom: 80px !important;padding-left: 60px !important;}\u00a0\u00bb][vc_column_text]<\/p>\n<h2 class=\"boc_heading al_left \">myGate: des solutions d&rsquo;automatisation professionnelles depuis plus de <strong>30 ans<\/strong><\/h2>\n<p>[\/vc_column_text][vc_column_text]<\/p>\n<div class=\"descr-breve\">\n<p><b>myGate<\/b>\u00a0na\u00eet de l&rsquo;exp\u00e9rience du <strong>groupe Proteco<\/strong>, fabricant Italien qui depuis 30 ans d\u00e9veloppe et produit des syst\u00e8mes complets d&rsquo;automatismes pour portes, portails, parkings et acc\u00e8s commerciaux.<\/p>\n<p>Con\u00e7ue sp\u00e9cifiquement pour le march\u00e9 du bricolage la ligne myGate compte une gamme de produits \u00e0 haut niveau technologique, fabriqu\u00e9s avec une attention sp\u00e9ciale de qualit\u00e9 du mat\u00e9riel, mais qui restent simples \u00e0 installer et mettre en service.<br \/>\nNos automatismes sont garantis 3 ans parce-que projet\u00e9s pour durer longtemps, dans le souci de donner une vraie valeur aux produits que vous choisissez pour votre maison, votre confort, votre s\u00e9curit\u00e9.<\/p>\n<p>N&rsquo;h\u00e9sitez pas \u00e0 nous contacter pour tout renseignement sur nos produits ou bien pour un conseil personnalis\u00e9 que ce soit pour la motorisation de votre portail ou votre garage. Une \u00e9quipe de professionnels sera \u00e0 votre service pour une aide avant, pendant, et apr\u00e8s l&rsquo;installation.<\/p>\n<\/div>\n<p>[\/vc_column_text][\/vc_column][vc_column width=\u00a0\u00bb1\/2&Prime; css=\u00a0\u00bb.vc_custom_1607525883456{padding-top: 80px !important;padding-right: 80px !important;padding-bottom: 80px !important;padding-left: 80px !important;background-image: url(http:\/\/mygateautomation.com\/wp-content\/uploads\/2020\/12\/mission.jpg?id=1312) !important;background-position: center !important;background-repeat: no-repeat !important;background-size: cover !important;}\u00a0\u00bb][\/vc_column][\/vc_row][vc_row full_width=\u00a0\u00bbstretch_row\u00a0\u00bb equal_height=\u00a0\u00bbyes\u00a0\u00bb content_placement=\u00a0\u00bbmiddle\u00a0\u00bb css=\u00a0\u00bb.vc_custom_1605015882856{margin-bottom: 0px !important;padding-top: 20px !important;padding-bottom: 20px !important;background-color: #8ec549 !important;}\u00a0\u00bb][vc_column width=\u00a0\u00bb3\/4&Prime;]<h5 class=\"boc_heading  al_left  \"  style=\"margin-bottom: 20px;margin-top: 20px;color: #ffffff;font-size: 25px;\"><span>Contactez-nous pour demander plus d&rsquo;informations<\/span><\/h5>[\/vc_column][vc_column width=\u00a0\u00bb1\/4&Prime;]<a\thref=\"\/fr\/contacts\/\" \n\t\t\t\tclass=\"button btn_medium btn_white btn_rounded btn_outline    \"  target='_self'><span>Contactez-nous<\/span><\/a>[\/vc_column][\/vc_row]<\/p>\n<\/div>","protected":false},"excerpt":{"rendered":"<p>[vc_row full_width=\u00a0\u00bbstretch_row_content\u00a0\u00bb equal_height=\u00a0\u00bbyes\u00a0\u00bb css=\u00a0\u00bb.vc_custom_1605016005815{margin-bottom: 35px !important;}\u00a0\u00bb][vc_column width=\u00a0\u00bb1\/2&Prime; css=\u00a0\u00bb.vc_custom_1605015856435{padding-top: 80px !important;padding-right: 60px !important;padding-bottom: 80px !important;padding-left: 60px !important;}\u00a0\u00bb][vc_column_text] myGate: des solutions d&rsquo;automatisation professionnelles depuis plus de 30 ans [\/vc_column_text][vc_column_text] myGate\u00a0na\u00eet de l&rsquo;exp\u00e9rience du groupe Proteco, fabricant Italien qui depuis 30 ans d\u00e9veloppe et produit des syst\u00e8mes complets d&rsquo;automatismes pour portes, portails, parkings et acc\u00e8s commerciaux. Con\u00e7ue sp\u00e9cifiquement pour le march\u00e9 du bricolage<\/p>\n<div class=\"h10\"><\/div>\n<p><a class=\"more-link2 flat\" href=\"https:\/\/mygateautomation.com\/fr\/mission\/\">Lire la suite<\/a><\/p>\n","protected":false},"author":5,"featured_media":0,"parent":0,"menu_order":0,"comment_status":"closed","ping_status":"closed","template":"","meta":{"_acf_changed":false,"footnotes":""},"class_list":["post-1520","page","type-page","status-publish","hentry"],"acf":[],"aioseo_notices":[],"_links":{"self":[{"href":"https:\/\/mygateautomation.com\/fr\/wp-json\/wp\/v2\/pages\/1520","targetHints":{"allow":["GET"]}}],"collection":[{"href":"https:\/\/mygateautomation.com\/fr\/wp-json\/wp\/v2\/pages"}],"about":[{"href":"https:\/\/mygateautomation.com\/fr\/wp-json\/wp\/v2\/types\/page"}],"author":[{"embeddable":true,"href":"https:\/\/mygateautomation.com\/fr\/wp-json\/wp\/v2\/users\/5"}],"replies":[{"embeddable":true,"href":"https:\/\/mygateautomation.com\/fr\/wp-json\/wp\/v2\/comments?post=1520"}],"version-history":[{"count":3,"href":"https:\/\/mygateautomation.com\/fr\/wp-json\/wp\/v2\/pages\/1520\/revisions"}],"predecessor-version":[{"id":1524,"href":"https:\/\/mygateautomation.com\/fr\/wp-json\/wp\/v2\/pages\/1520\/revisions\/1524"}],"wp:attachment":[{"href":"https:\/\/mygateautomation.com\/fr\/wp-json\/wp\/v2\/media?parent=1520"}],"curies":[{"name":"wp","href":"https:\/\/api.w.org\/{rel}","templated":true}]}}